{"id":2596,"date":"2018-11-16T17:41:34","date_gmt":"2018-11-16T16:41:34","guid":{"rendered":"http:\/\/daunafloguez.unblog.fr\/?page_id=2596"},"modified":"2025-08-24T19:29:06","modified_gmt":"2025-08-24T19:29:06","slug":"livret-i-relais-des-maisons-de-la-couture","status":"publish","type":"page","link":"https:\/\/daunafloguez.fr\/?page_id=2596","title":{"rendered":"Livret I &#8211; Relais des Maisons de la Couture"},"content":{"rendered":"<p align=\"JUSTIFY\"><span style=\"font-size: small;font-family: Arial, Helvetica, sans-serif;color: #000000\">Ce livret I est la pr\u00e9figuration du paradigme Box RELAIS 800, une \u00e9conomie de la Paix, imagin\u00e9 par une couturi\u00e8re autodidacte install\u00e9e en zone rurale. Elle aura mis 25 ans pour structurer cette r\u00e9flexion qu&#8217;elle synth\u00e9tique sous forme de livrets. Elle y raconte la progression de sa pens\u00e9e et la cr\u00e9ation d&#8217;un r\u00e9seau &#8230;..<\/span><\/p>\n<p>&nbsp;<\/p>\n<p>Sur le site de la FNAC<\/p>\n<p>https:\/\/www.fnac.com\/a15159190\/Dauna-Floguez-Relais-des-Maisons-de-la-Couture?Origin=fnac_google<\/p>\n<p>&nbsp;<\/p>\n<p>Sur le site de Decitre<\/p>\n<p>https:\/\/www.decitre.fr\/auteur\/11329986\/Dauna+Floguez<\/p>\n<p>&nbsp;<\/p>\n","protected":false},"excerpt":{"rendered":"<p>Ce livret I est la pr\u00e9figuration du paradigme Box RELAIS 800, une \u00e9conomie de la Paix, imagin\u00e9 par une couturi\u00e8re autodidacte install\u00e9e en zone rurale. Elle aura mis 25 ans pour structurer cette r\u00e9flexion qu&#8217;elle synth\u00e9tique sous forme de livrets. Elle y raconte la progression de sa pens\u00e9e et la cr\u00e9ation d&#8217;un r\u00e9seau &#8230;.. &nbsp;<\/p>\n<div class=\"more-link\">\n\t\t\t\t <a href=\"https:\/\/daunafloguez.fr\/?page_id=2596\" class=\"link-btn theme-btn\"><span>Read More <\/span> <i class=\"fa fa-caret-right\"><\/i><\/a>\n\t\t\t<\/div>\n","protected":false},"author":2,"featured_media":0,"parent":0,"menu_order":1,"comment_status":"open","ping_status":"closed","template":"","meta":{"iawp_total_views":0,"footnotes":""},"class_list":["post-2596","page","type-page","status-publish","hentry"],"_links":{"self":[{"href":"https:\/\/daunafloguez.fr\/index.php?rest_route=\/wp\/v2\/pages\/2596","targetHints":{"allow":["GET"]}}],"collection":[{"href":"https:\/\/daunafloguez.fr\/index.php?rest_route=\/wp\/v2\/pages"}],"about":[{"href":"https:\/\/daunafloguez.fr\/index.php?rest_route=\/wp\/v2\/types\/page"}],"author":[{"embeddable":true,"href":"https:\/\/daunafloguez.fr\/index.php?rest_route=\/wp\/v2\/users\/2"}],"replies":[{"embeddable":true,"href":"https:\/\/daunafloguez.fr\/index.php?rest_route=%2Fwp%2Fv2%2Fcomments&post=2596"}],"version-history":[{"count":1,"href":"https:\/\/daunafloguez.fr\/index.php?rest_route=\/wp\/v2\/pages\/2596\/revisions"}],"predecessor-version":[{"id":3283,"href":"https:\/\/daunafloguez.fr\/index.php?rest_route=\/wp\/v2\/pages\/2596\/revisions\/3283"}],"wp:attachment":[{"href":"https:\/\/daunafloguez.fr\/index.php?rest_route=%2Fwp%2Fv2%2Fmedia&parent=2596"}],"curies":[{"name":"wp","href":"https:\/\/api.w.org\/{rel}","templated":true}]}}