{"id":3429,"date":"2025-08-24T17:35:49","date_gmt":"2025-08-24T17:35:49","guid":{"rendered":"http:\/\/daunafloguez.fr\/?page_id=3429"},"modified":"2025-08-24T18:18:57","modified_gmt":"2025-08-24T18:18:57","slug":"alphabet_francais","status":"publish","type":"page","link":"https:\/\/daunafloguez.fr\/?page_id=3429","title":{"rendered":"Alphabet"},"content":{"rendered":"\n<h1 class=\"wp-block-heading\"><strong>1 \u2013 L&#8217;alphabet fran\u00e7ais : 26 lettres, comme en anglais<\/strong><\/h1>\n\n\n\n<p>L&#8217;alphabet fran\u00e7ais utilise les&nbsp;<strong>m\u00eames 26 lettres<\/strong>&nbsp;que l&#8217;alphabet anglais, de&nbsp;<strong>A \u00e0 Z<\/strong>&nbsp;. La diff\u00e9rence majeure r\u00e9side dans la&nbsp;<strong>prononciation<\/strong>&nbsp;et l&#8217;usage de certains signes (accents, c\u00e9dille, etc.).<\/p>\n\n\n\n<p><strong>Apr\u00e8s avoir t\u00e9l\u00e9charg\u00e9 le document \u00ab Les 26 lettres de l&#8217;alphabet \u00bb :<\/strong> \u00e9coute l&#8217;audio des 26 lettres de l&#8217;alphabet<\/p>\n\n\n\n<p>Audio : LES 26 LETTRES DE L&#8217;ALPHABET&nbsp;<\/p>\n\n\n\n<figure class=\"wp-block-audio\"><audio controls src=\"http:\/\/daunafloguez.fr\/wp-content\/uploads\/2025\/08\/alphabet-french__1-1.mp3\"><\/audio><\/figure>\n\n\n\n<p>Document : LES 26 LETTRES DE L&#8217;ALPHABET&nbsp;<\/p>\n\n\n\n<div data-wp-interactive=\"core\/file\" class=\"wp-block-file\"><object data-wp-bind--hidden=\"!state.hasPdfPreview\" hidden class=\"wp-block-file__embed\" data=\"http:\/\/daunafloguez.fr\/wp-content\/uploads\/2025\/08\/lES-26-LETTRES-DE-L-ALPHABET.pdf\" type=\"application\/pdf\" style=\"width:100%;height:600px\" aria-label=\"Embed of lES 26 LETTRES DE L ALPHABET.\"><\/object><a id=\"wp-block-file--media-13ae50a8-1d7c-4e5f-b42e-87fa9c35080d\" href=\"http:\/\/daunafloguez.fr\/wp-content\/uploads\/2025\/08\/lES-26-LETTRES-DE-L-ALPHABET.pdf\">lES 26 LETTRES DE L ALPHABET<\/a><a href=\"http:\/\/daunafloguez.fr\/wp-content\/uploads\/2025\/08\/lES-26-LETTRES-DE-L-ALPHABET.pdf\" class=\"wp-block-file__button wp-element-button\" download aria-describedby=\"wp-block-file--media-13ae50a8-1d7c-4e5f-b42e-87fa9c35080d\">T\u00e9l\u00e9charger<\/a><\/div>\n\n\n\n<h2 class=\"wp-block-heading\"><a href=\"https:\/\/youtu.be\/no0WNgeYdqI\" target=\"_blank\" rel=\"noreferrer noopener\">Cliquez<\/a><br><a href=\"https:\/\/apprendre.tv5monde.com\/fr\/aides\/prononciation-les-lettres-de-lalphabet\" target=\"_blank\" rel=\"noreferrer noopener\">-&gt;&nbsp;<\/a><a href=\"https:\/\/youtu.be\/no0WNgeYdqI\" target=\"_blank\" rel=\"noreferrer noopener\">pour \u00e9couter un autre audio de L&#8217;alphabet<\/a><\/h2>\n\n\n\n<p>L&#8217;alphabet fran\u00e7ais est compos\u00e9 de 26 lettres r\u00e9parties en :<br>\u2013 6 Voyelles<br>\u2013 20 Consonnes<\/p>\n\n\n\n<h2 class=\"wp-block-heading\"><a href=\"https:\/\/apprendre.tv5monde.com\/fr\/aides\/prononciation-les-lettres-de-lalphabet\" target=\"_blank\" rel=\"noreferrer noopener\">Cliquez \u2013&gt;pour \u00e9couter la prononciation des Lettres de l&#8217;alphabet<\/a><\/h2>\n\n\n\n<div style=\"height:40px\" aria-hidden=\"true\" class=\"wp-block-spacer\"><\/div>\n\n\n\n<h1 class=\"wp-block-heading\"><strong>2 \u2013 Les 6 voyelles<\/strong><\/h1>\n\n\n\n<p>En fran\u00e7ais, il y a&nbsp;<strong>6 voyelles<\/strong>&nbsp;:&nbsp;<strong>A, E, I, O, U, Y<\/strong>&nbsp;.<\/p>\n\n\n\n<ul class=\"wp-block-list\">\n<li><strong>Y<\/strong>&nbsp;est parfois consid\u00e9r\u00e9 comme une voyelle (ex. \u00ab voyage \u00bb), parfois comme une consonne (ex. \u00ab yaourt \u00bb).<\/li>\n\n\n\n<li>Les voyelles peuvent porter des&nbsp;<strong>accents<\/strong>&nbsp;(\u00e9, \u00e8, \u00ea, \u00e0, \u00f9, etc.) qui changent la prononciation ou le sens des mots.<\/li>\n<\/ul>\n\n\n\n<div style=\"height:38px\" aria-hidden=\"true\" class=\"wp-block-spacer\"><\/div>\n\n\n\n<figure class=\"wp-block-gallery has-nested-images columns-default is-cropped wp-block-gallery-1 is-layout-flex wp-block-gallery-is-layout-flex\">\n<figure class=\"wp-block-image size-large\"><img fetchpriority=\"high\" decoding=\"async\" width=\"940\" height=\"788\" data-id=\"3431\" src=\"http:\/\/daunafloguez.fr\/wp-content\/uploads\/2025\/08\/A.jpg\" alt=\"\" class=\"wp-image-3431\" srcset=\"https:\/\/daunafloguez.fr\/wp-content\/uploads\/2025\/08\/A.jpg 940w, https:\/\/daunafloguez.fr\/wp-content\/uploads\/2025\/08\/A-300x251.jpg 300w, https:\/\/daunafloguez.fr\/wp-content\/uploads\/2025\/08\/A-768x644.jpg 768w\" sizes=\"(max-width: 940px) 100vw, 940px\" \/><\/figure>\n\n\n\n<figure class=\"wp-block-image size-large\"><img decoding=\"async\" width=\"940\" height=\"788\" data-id=\"3432\" src=\"http:\/\/daunafloguez.fr\/wp-content\/uploads\/2025\/08\/E.jpg\" alt=\"\" class=\"wp-image-3432\" srcset=\"https:\/\/daunafloguez.fr\/wp-content\/uploads\/2025\/08\/E.jpg 940w, https:\/\/daunafloguez.fr\/wp-content\/uploads\/2025\/08\/E-300x251.jpg 300w, https:\/\/daunafloguez.fr\/wp-content\/uploads\/2025\/08\/E-768x644.jpg 768w\" sizes=\"(max-width: 940px) 100vw, 940px\" \/><\/figure>\n\n\n\n<figure class=\"wp-block-image size-large\"><img decoding=\"async\" width=\"940\" height=\"788\" data-id=\"3433\" src=\"http:\/\/daunafloguez.fr\/wp-content\/uploads\/2025\/08\/I.jpg\" alt=\"\" class=\"wp-image-3433\" srcset=\"https:\/\/daunafloguez.fr\/wp-content\/uploads\/2025\/08\/I.jpg 940w, https:\/\/daunafloguez.fr\/wp-content\/uploads\/2025\/08\/I-300x251.jpg 300w, https:\/\/daunafloguez.fr\/wp-content\/uploads\/2025\/08\/I-768x644.jpg 768w\" sizes=\"(max-width: 940px) 100vw, 940px\" \/><\/figure>\n\n\n\n<figure class=\"wp-block-image size-large\"><img loading=\"lazy\" decoding=\"async\" width=\"940\" height=\"788\" data-id=\"3434\" src=\"http:\/\/daunafloguez.fr\/wp-content\/uploads\/2025\/08\/O.jpg\" alt=\"\" class=\"wp-image-3434\" srcset=\"https:\/\/daunafloguez.fr\/wp-content\/uploads\/2025\/08\/O.jpg 940w, https:\/\/daunafloguez.fr\/wp-content\/uploads\/2025\/08\/O-300x251.jpg 300w, https:\/\/daunafloguez.fr\/wp-content\/uploads\/2025\/08\/O-768x644.jpg 768w\" sizes=\"(max-width: 940px) 100vw, 940px\" \/><\/figure>\n\n\n\n<figure class=\"wp-block-image size-large\"><img loading=\"lazy\" decoding=\"async\" width=\"940\" height=\"788\" data-id=\"3435\" src=\"http:\/\/daunafloguez.fr\/wp-content\/uploads\/2025\/08\/U.jpg\" alt=\"\" class=\"wp-image-3435\" srcset=\"https:\/\/daunafloguez.fr\/wp-content\/uploads\/2025\/08\/U.jpg 940w, https:\/\/daunafloguez.fr\/wp-content\/uploads\/2025\/08\/U-300x251.jpg 300w, https:\/\/daunafloguez.fr\/wp-content\/uploads\/2025\/08\/U-768x644.jpg 768w\" sizes=\"(max-width: 940px) 100vw, 940px\" \/><\/figure>\n\n\n\n<figure class=\"wp-block-image size-large\"><img loading=\"lazy\" decoding=\"async\" width=\"940\" height=\"788\" data-id=\"3436\" src=\"http:\/\/daunafloguez.fr\/wp-content\/uploads\/2025\/08\/Y.jpg\" alt=\"\" class=\"wp-image-3436\" srcset=\"https:\/\/daunafloguez.fr\/wp-content\/uploads\/2025\/08\/Y.jpg 940w, https:\/\/daunafloguez.fr\/wp-content\/uploads\/2025\/08\/Y-300x251.jpg 300w, https:\/\/daunafloguez.fr\/wp-content\/uploads\/2025\/08\/Y-768x644.jpg 768w\" sizes=\"(max-width: 940px) 100vw, 940px\" \/><\/figure>\n<\/figure>\n\n\n\n<div style=\"height:38px\" aria-hidden=\"true\" class=\"wp-block-spacer\"><\/div>\n\n\n\n<h2 class=\"wp-block-heading\"><a href=\"https:\/\/youtu.be\/L6xLtRi528Q\" target=\"_blank\" rel=\"noreferrer noopener\">Cliquez<\/a><br><a href=\"https:\/\/apprendre.tv5monde.com\/fr\/aides\/prononciation-les-lettres-de-lalphabet\" target=\"_blank\" rel=\"noreferrer noopener\">\u2013&gt;&nbsp;<\/a><a href=\"https:\/\/youtu.be\/L6xLtRi528Q\" target=\"_blank\" rel=\"noreferrer noopener\">pour \u00e9couter La Chanson de l&#8217;Alphabet<\/a><\/h2>\n\n\n\n<div style=\"height:38px\" aria-hidden=\"true\" class=\"wp-block-spacer\"><\/div>\n\n\n\n<h1 class=\"wp-block-heading\"><strong>3 \u2013 Les 20 consonnes<\/strong><\/h1>\n\n\n\n<p>Les consonnes sont les 20 lettres restantes :&nbsp;<\/p>\n\n\n\n<h1 class=\"wp-block-heading\"><strong>B, C, D, F, G, H, J, K, L, M, N, P, Q, R, S, T, V, W, X, Z<\/strong>&nbsp;.<\/h1>\n\n\n\n<h2 class=\"wp-block-heading\"><a rel=\"noreferrer noopener\" href=\"https:\/\/youtu.be\/iHBRp3G0i7c\" target=\"_blank\">Cliquer<\/a><br><a rel=\"noreferrer noopener\" href=\"https:\/\/apprendre.tv5monde.com\/fr\/aides\/prononciation-les-lettres-de-lalphabet\" target=\"_blank\">\u2013&gt; pour \u00e9couter l&#8217;&nbsp;<\/a><a rel=\"noreferrer noopener\" href=\"https:\/\/youtu.be\/iHBRp3G0i7c\" target=\"_blank\">Alphabet et ses pr\u00e9noms<\/a><\/h2>\n\n\n\n<div style=\"height:38px\" aria-hidden=\"true\" class=\"wp-block-spacer\"><\/div>\n\n\n\n<p class=\"has-text-align-center\"><mark style=\"background-color:#ff6900\" class=\"has-inline-color has-black-color\">La partie suivante est \u00e0 titre indicative. Vous pourrez revenir sur ce paragraphe plus tard.<\/mark><\/p>\n\n\n\n<h1 class=\"wp-block-heading\"><strong>4 \u2013 Les particularit\u00e9s fran\u00e7aises<\/strong><\/h1>\n\n\n\n<ul class=\"wp-block-list\">\n<li>Certaines consonnes ont des prononciations sp\u00e9cifiques :\n<ul class=\"wp-block-list\">\n<li><strong>\u00ab R \u00bb<\/strong>&nbsp;: prononc\u00e9 \u00e0 l&#8217;arri\u00e8re de la gorge (ex. \u00ab rouge \u00bb), tr\u00e8s diff\u00e9rent de l&#8217;anglais.<\/li>\n\n\n\n<li><strong>\u00ab Z \u00bb<\/strong>&nbsp;: comme \u00ab s \u00bb dans \u00ab tr\u00e9sor \u00bb.<\/li>\n\n\n\n<li><strong>\u00ab G \u00bb<\/strong>&nbsp;devant E\/I\/Y : comme \u00ab s \u00bb dans \u00ab mesurer \u00bb (ex. \u00ab girafe \u00bb).<\/li>\n\n\n\n<li><strong>\u00ab C \u00bb<\/strong>&nbsp;devant E\/I\/Y : comme \u00ab s \u00bb (ex. \u00ab ciel \u00bb), sinon comme \u00ab k \u00bb (ex. \u00ab car \u00bb).<\/li>\n<\/ul>\n<\/li>\n\n\n\n<li><strong>\u00ab W \u00bb<\/strong>&nbsp;et&nbsp;<strong>\u00ab K \u00bb<\/strong>&nbsp;sont rares et apparaissent surtout dans des mots d&#8217;origine \u00e9trang\u00e8re (ex. \u00ab week-end \u00bb, \u00ab kiwi \u00bb).<\/li>\n<\/ul>\n\n\n\n<ul class=\"wp-block-list\">\n<li><strong>Accents<\/strong>&nbsp;: Ils modifient la prononciation ou distinguent des mots (ex. \u00ab ou \u00bb = \u00ab or \u00bb vs \u00ab o\u00f9 \u00bb = \u00ab o\u00f9 \u00bb).<\/li>\n\n\n\n<li><strong>Liaisons<\/strong>&nbsp;: Certaines consonnes muettes se prononcent quand le mot suivant commence par une voyelle (ex. \u00ab vous avez \u00bb \u2192 \u00ab vooz-avey \u00bb).<\/li>\n\n\n\n<li><strong>Lettres muettes<\/strong>&nbsp;: Beaucoup de mots se terminent par une consonne non prononc\u00e9e (ex. \u00ab grand \u00bb \u2192 \u00ab gra(n) \u00bb).<\/li>\n<\/ul>\n\n\n\n<ul class=\"wp-block-list\">\n<li>La&nbsp;<strong>prononciation<\/strong>&nbsp;est importante : le fran\u00e7ais est une langue o\u00f9 l&#8217;orthographe et la prononciation ne correspondant pas toujours (ex. \u00ab oiseau \u00bb = \u00ab wa-zo \u00bb).<\/li>\n\n\n\n<li>Les&nbsp;<strong>accents<\/strong>&nbsp;et les&nbsp;<strong>signes<\/strong>&nbsp;comme la c\u00e9dille (\u00e7) sont essentiels pour \u00e9crire correctement.<\/li>\n<\/ul>\n\n\n\n<p><\/p>\n","protected":false},"excerpt":{"rendered":"<p>1 \u2013 L&#8217;alphabet fran\u00e7ais : 26 lettres, comme en anglais L&#8217;alphabet fran\u00e7ais utilise les&nbsp;m\u00eames 26 lettres&nbsp;que l&#8217;alphabet anglais, de&nbsp;A \u00e0 Z&nbsp;. La diff\u00e9rence majeure r\u00e9side dans la&nbsp;prononciation&nbsp;et l&#8217;usage de certains signes (accents, c\u00e9dille, etc.). Apr\u00e8s avoir t\u00e9l\u00e9charg\u00e9 le document \u00ab Les 26 lettres de l&#8217;alphabet \u00bb : \u00e9coute l&#8217;audio des 26 lettres de l&#8217;alphabet Audio<\/p>\n<div class=\"more-link\">\n\t\t\t\t <a href=\"https:\/\/daunafloguez.fr\/?page_id=3429\" class=\"link-btn theme-btn\"><span>Read More <\/span> <i class=\"fa fa-caret-right\"><\/i><\/a>\n\t\t\t<\/div>\n","protected":false},"author":1,"featured_media":0,"parent":3427,"menu_order":1,"comment_status":"closed","ping_status":"closed","template":"","meta":{"iawp_total_views":2,"footnotes":""},"class_list":["post-3429","page","type-page","status-publish","hentry"],"_links":{"self":[{"href":"https:\/\/daunafloguez.fr\/index.php?rest_route=\/wp\/v2\/pages\/3429","targetHints":{"allow":["GET"]}}],"collection":[{"href":"https:\/\/daunafloguez.fr\/index.php?rest_route=\/wp\/v2\/pages"}],"about":[{"href":"https:\/\/daunafloguez.fr\/index.php?rest_route=\/wp\/v2\/types\/page"}],"author":[{"embeddable":true,"href":"https:\/\/daunafloguez.fr\/index.php?rest_route=\/wp\/v2\/users\/1"}],"replies":[{"embeddable":true,"href":"https:\/\/daunafloguez.fr\/index.php?rest_route=%2Fwp%2Fv2%2Fcomments&post=3429"}],"version-history":[{"count":19,"href":"https:\/\/daunafloguez.fr\/index.php?rest_route=\/wp\/v2\/pages\/3429\/revisions"}],"predecessor-version":[{"id":3466,"href":"https:\/\/daunafloguez.fr\/index.php?rest_route=\/wp\/v2\/pages\/3429\/revisions\/3466"}],"up":[{"embeddable":true,"href":"https:\/\/daunafloguez.fr\/index.php?rest_route=\/wp\/v2\/pages\/3427"}],"wp:attachment":[{"href":"https:\/\/daunafloguez.fr\/index.php?rest_route=%2Fwp%2Fv2%2Fmedia&parent=3429"}],"curies":[{"name":"wp","href":"https:\/\/api.w.org\/{rel}","templated":true}]}}