{"id":371,"date":"2012-06-12T08:04:52","date_gmt":"2012-06-12T06:04:52","guid":{"rendered":"http:\/\/daunafloguez.unblog.fr\/?page_id=371"},"modified":"2025-08-24T19:32:25","modified_gmt":"2025-08-24T19:32:25","slug":"les-croix-du-quercy-copyright","status":"publish","type":"page","link":"https:\/\/daunafloguez.fr\/?page_id=371","title":{"rendered":"Les Croix du Quercy (c)"},"content":{"rendered":"<h1 align=\"center\"><span style=\"font-size: medium\">L\u2019homme n\u2019a de cesse que de se raconter<\/span><\/h1>\n<h1 align=\"center\"><span style=\"font-size: medium\">En histoires, contes et l\u00e9gendes \u2026..<\/span><\/h1>\n<h1 align=\"center\"><span style=\"font-size: medium\">Libre \u00e0 nous de savoir, lire et comprendre.<\/span><\/h1>\n<h1><span style=\"font-size: medium\">\u00a0<\/span><\/h1>\n<p><span style=\"font-size: medium\">\u00a0<\/span><\/p>\n<p><span style=\"font-size: medium\">PREFACE de Jimi Zacka<\/span><\/p>\n<p><span style=\"font-size: medium\">\u00a0<\/span><\/p>\n<p><span style=\"font-size: medium\">\u00ab La parole de la croix est folie pour ceux qui p\u00e9rissent, mais \u00e0 nous qui obtenons le salut elle est la puissance de Dieu \u00bb (1 Corinthiens 1.18). C\u2019est la r\u00e9flexion centrale qui pr\u00e9occupe l\u2019ap\u00f4tre Paul d\u00e8s le d\u00e9but de sa lettre ux Corinthiens. Pour Paul, la croix parle. C\u2019est quelque chose qui a du sens et qui constitue et souligne des faits historiques.<\/span><\/p>\n<p><span style=\"font-size: medium\">En effet, Dauna Floguez, tr\u00e8s ambitionn\u00e9e par l\u2019histoire de sa r\u00e9gion (le Bas Quercy), essaie de nous conduire dans les m\u00e9andres historiques de diff\u00e9rentes interpr\u00e9tations de la croix.<\/span><\/p>\n<p><span style=\"font-size: medium\">Le parcours de ce livret nous fait d\u00e9couvrir, d\u2019une autre mani\u00e8re, que la douleur et la souffrance sont des croix<\/span><br \/>\n<span style=\"font-size: medium\">personnelles. On est seul \u00e0 les porter.&#8221;<\/span><\/p>\n<p><span style=\"font-size: medium\">Pasteur Jimi ZACKA<\/span><\/p>\n<p><span style=\"font-size: medium\">Montpellier\/Brazzaville<\/span><br \/>\n<span style=\"font-size: medium\">Les Croix du Quercy<\/span><\/p>\n<p><span style=\"font-size: medium\">\u00a0<\/span><\/p>\n<p><span style=\"font-size: medium\">Le Quercy est une r\u00e9gion marqu\u00e9e par les invasions Romaines, Celtes, Wisigothes, Sarrasines et Anglaises qui modul\u00e8rent profond\u00e9ment la pens\u00e9e du Quercynois. Elle rencontre la Grande Histoire de France en l\u2019an 778 en devenant Comt\u00e9 de Quercy (Montauban \u2013 Cahors \u2013 Figeac) rattach\u00e9 par Charlemagne au Comt\u00e9 d\u2019Aquitaine,\u00a0 puis de Rouergue propri\u00e9t\u00e9 des Comtes de Toulouse.<\/span><\/p>\n<p><span style=\"font-size: medium\">Cette soci\u00e9t\u00e9 m\u00e9di\u00e9vale souvent oubli\u00e9e parce que imagin\u00e9e triste et plane, est \u00e0 l\u2019origine d\u2019un grand nombre<\/span><br \/>\n<span style=\"font-size: medium\">de nos avanc\u00e9es technologiques, politiques, sociales, religieuses ou\u00a0 artistiques. La richesse de sa diversit\u00e9 en fait une p\u00e9riode fabuleusement\u00a0innovante.<\/span><\/p>\n<p><span style=\"font-size: medium\">L\u2019histoire de l\u2019Occitanie, et celle\u00a0 du Quercy, puisent leur symbolique dans 600 ans d\u2019histoires m\u00e9di\u00e9vales nourries de\u00a0 guerres et de paix \u00a0o\u00f9 se m\u00ealent Eglise de\u00a0 Rome, Royaume de France, Inquisition, Cathares aussi appel\u00e9s h\u00e9r\u00e9tiques,\u00a0 Templiers et Hospitaliers, Catholiques et Huguenots (Protestants).<\/span><\/p>\n<p><span style=\"font-size: medium\">De nombreuses traces laiss\u00e9es \u00e0 la\u00a0 post\u00e9rit\u00e9 par l\u2019homme du Moyen Age trouvent son sens dans la multiplication de signes\u00a0 et pri\u00e8res d\u2019actions de gr\u00e2ce. Elles permettaient d\u2019acc\u00e9der au paradis ou de repousser<\/span><br \/>\n<span style=\"font-size: medium\">le diable mais en opposition de marquer son appartenance \u00e0 un dogme cathare ou\u00a0 \u00e0 un Ordre Templier. Nous visitons encore aujourd\u2019hui ces fantastiques\u00a0 maitrises d\u2019\u0153uvres avec int\u00e9r\u00eats tels que les Cath\u00e9drales et Monuments du\u00a0 XII\u00e8me et XIII\u00e8me si\u00e8cles merveilleux exemples conserv\u00e9s et entretenus pr\u00e9cieusement<\/span><br \/>\n<span style=\"font-size: medium\">par nos r\u00e9gions.<\/span><\/p>\n<p><span style=\"font-size: medium\">L\u2019histoire du Quercy regorge de\u00a0 traces tr\u00e8s subtiles. Marqu\u00e9e de l\u2019empreinte d\u2019une soci\u00e9t\u00e9 prise entre Occident<\/span><br \/>\n<span style=\"font-size: medium\">et Orient \u00a0\u2026\u2026\u2026.<\/span><\/p>\n<p><span style=\"font-size: medium\">Celle des Croix en sont un exemple\u00a0bien pr\u00e9cieux, c\u2019est pourquoi elles font l\u2019objet de ce premier livret.<\/span><\/p>\n<p><span style=\"font-size: medium\">D\u00e9finition\u00a0\u00a0 :Croix &#8211; dictionnaire Le Petit Robert<\/span><\/p>\n<p><span style=\"font-size: medium\">\u00ab Du latin crux, crucis, d\u00e9signant\u00a0plusieurs sortes d&#8217;instruments de supplice : le pal, la potence, la croix.<\/span><br \/>\n<span style=\"font-size: medium\">L&#8217;usage de cette derni\u00e8re appara\u00eet \u00e0 l&#8217;\u00e9poque des guerres puniques (264-141 av. J.-C.). Le supplice de la croix \u00e9tait r\u00e9serv\u00e9 aux esclaves, puis \u00e0 ceux,\u00a0 malfaiteurs et voleurs, qui n&#8217;avaient pas le titre de citoyens romains. D\u00e8s\u00a0 Plaute (254-184 av. J.-C.), crux est courant en latin et entre dans des\u00a0 locutions proverbiales ; il prend le sens de &#8220;torture morale&#8221; et, par\u00a0 m\u00e9tonymie, d\u00e9signe le tourmenteur. \u00bb<\/span><\/p>\n<p><span style=\"font-size: medium\">\u00a0<\/span><\/p>\n<p><span style=\"font-size: medium\">Index<\/span><\/p>\n<p><span style=\"font-size: medium\">&#8211;\u00a0 Carte de l\u2019Occitanie<\/span><\/p>\n<p><span style=\"font-size: medium\">&#8211;\u00a0 La Croix Occitane ou Midi-Pyr\u00e9n\u00e9es<\/span><\/p>\n<p><span style=\"font-size: medium\">&#8211;\u00a0 La Croix Latine ou de l\u2019Eglise de\u00a0 Rome ou Catholique<\/span><\/p>\n<p><span style=\"font-size: medium\">&#8211;\u00a0 Les Croix Templi\u00e8res et\u00a0 Hospitali\u00e8res<\/span><\/p>\n<p><span style=\"font-size: medium\">&#8211;\u00a0 La Croix Cathares Albigeoise ou\u00a0 Vaudoise<\/span><\/p>\n<p><span style=\"font-size: medium\">&#8211;\u00a0 La Croix Huguenote ou Protestante<\/span><\/p>\n<p><span style=\"font-size: medium\">&#8211;\u00a0 Carte du Pays Quercy<\/span><\/p>\n<h2 align=\"center\"><span style=\"font-size: medium\">Les Croix dans l\u2019histoire du Quercy<\/span><\/h2>\n<p style=\"text-align: left\" align=\"center\"><span style=\"font-size: medium\">L\u2019Occitanie\u00a0 est une vaste r\u00e9gion. Elle\u00a0 s\u2019\u00e9tend de l\u2019Oc\u00e9an Atlantique \u00e0 l\u2019Italie, en passant par l\u2019Espagne.<\/span><\/p>\n<p style=\"text-align: left\" align=\"center\"><span style=\"font-size: medium\">On y parle\u00a0 une seule et m\u00eame langue\u00a0: la langue d\u2019Oc ou langue Occitane. La ville de\u00a0 Toulouse est la Capitale de l\u2019Occitanie. Le drapeau\u00a0 de Midi-Pyr\u00e9n\u00e9es est une Croix Occitane sur fond rouge. Cette Croix\u00a0 \u00e9vid\u00e9e et pommel\u00e9e du Languedoc est un symbole de\u00a0ralliement aux Cathares.<\/span><\/p>\n<p style=\"text-align: left\" align=\"center\"><span style=\"font-size: medium\">La Croix\u00a0 Latine &#8211; Symbole de la Religion Catholique. Elle a la\u00a0 forme de l&#8217;instrument de torture en bois o\u00f9 fut\u00a0 clou\u00e9 J\u00e9sus-Christ. A\u00a0 l\u2019envers,\u00a0 elle est Croix de saint Pierre\u00a0 (qui fut crucifi\u00e9 la t\u00eate en bas). Exemple\u00a0:\u00a0 Eglise Saint Pierre-\u00e8s-Liens de N\u00e8grepelisse \u2013 Tarn et Garonne<\/span><\/p>\n<p style=\"text-align: left\" align=\"center\"><span style=\"font-size: medium\">Doubl\u00e9e,\u00a0 elle devient Croix de l\u2019Ev\u00each\u00e9. \u00a0Souvent\u00a0 repr\u00e9sent\u00e9e dans les Eglises construites \u00e0 la gloire d\u2019un Ev\u00eaque. Croix\u00a0 eccl\u00e9siastique adopt\u00e9e par les cardinaux\u00a0 et\u00a0 les archev\u00eaques. Exemple\u00a0:\u00a0 Eglise Albigeoise de St Martins \u00e0 R\u00e9alville<\/span><\/p>\n<p style=\"text-align: left\" align=\"center\"><span style=\"font-size: medium\">En jaune,\u00a0 elle est le signe de l\u2019Infamie. Impos\u00e9s par\u00a0 les Inquisiteurs qui exigeaient que les H\u00e9r\u00e9tiques (Les Cathares) la cousent\u00a0 sur leurs v\u00eatements, \u00a0l\u2019une sur le dos et\u00a0 l\u2019autre sur la poitrine.<\/span><\/p>\n<p style=\"text-align: left\" align=\"center\"><span style=\"font-size: medium\">Une des Croix Templi\u00e8re. L\u2019ordre du\u00a0 Temple \u00e9tait un ordre religieux et militaire. Issu de la\u00a0 chevalerie chr\u00e9tienne du Moyen \u00c2ge appel\u00e9e les Templiers. Cr\u00e9\u00e9 le 22\u00a0 janvier 1129 &#8211; Dissout le 13 mars 1312.\u00a0\u00a0Quelques unes des Terres Templi\u00e8res en Tarn et\u00a0 Garonne\u00a0:<\/span><\/p>\n<p style=\"text-align: left\" align=\"center\"><span style=\"font-size: medium\">Albefeuille\u00a0 Lagarde \u2013 Auvillar \u2013 La Bastide du Temple \u2013 Casterus \u2013 Golfech \u2013 Lacapelle Livron\u00a0 \u2013 Moissac \u2013 Montricoux &#8211;\u00a0 St Amans du\u00a0 Pech &#8211;\u00a0 St Antonin Noble Val &#8211; St Peyronis \u2013 Ventillac \u2013 Vieules \u2013 La Ville\u00a0 Dieu du Temple &#8211; \u00a0Villeneuve. Diverses autres Croix Templi\u00e8res<\/span><\/p>\n<p style=\"text-align: left\" align=\"center\"><span style=\"font-size: medium\">La Croix de\u00a0 J\u00e9rusalem &#8211;\u00a0 Ordre Hospitalier de St Jean\u00a0 de J\u00e9rusalem, insigne des\u00a0 chevaliers du Saint-S\u00e9pulcre de J\u00e9rusalem et des Franciscains de la Custode et\u00a0 du Patriarcat Latin de J\u00e9rusalem. Les cinq\u00a0 croix figurent les cinq blessures du Christ, les cinq premiers livres de la\u00a0Bible ainsi que les cinq premi\u00e8res \u00c9glises Chr\u00e9tiennes. En 1312,\u00a0 tous les biens du Temple sont donn\u00e9s aux Hospitaliers. La\u00a0 Commanderie de Montricoux appartient \u00e0\u00a0 l\u2019Ordre des Hospitaliers.<\/span><\/p>\n<p style=\"text-align: left\" align=\"center\"><span style=\"font-size: medium\">La Croix de\u00a0 Malte &#8211; La croix de\u00a0 Malte de forme caract\u00e9ristique. Utilis\u00e9e\u00a0 comme symbole religieux, honorifique ou national. Les huit\u00a0 points externes sont symboliques de la r\u00e9g\u00e9n\u00e9ration. Suppos\u00e9s\u00a0 repr\u00e9senter les huit b\u00e9atitudes. Blanche sur\u00a0 fond Noir pour les servants de l\u2019H\u00f4pital de Saint-Jean \u00a0\u00e0 J\u00e9rusalem. Blanche sur\u00a0 fond rouge pour l\u2019Ordre des Chevaliers de Saint-Jean J\u00e9rusalem. Blanche sur\u00a0 fond rouge pour l\u2019ordre de Malte qui l\u2019utilise\u00a0 comme embl\u00e8me de leurs diff\u00e9rentes organisations caritatives.<\/span><\/p>\n<p style=\"text-align: left\"><span style=\"font-size: medium\">\u00a0La Croix Cathare \u00a0&#8211; Le Catharisme est une religion qui tire\u00a0 son enseignement du Livre saint\u00a0: le Nouveau Testament. Sa pri\u00e8re\u00a0 est le Notre P\u00e8re et J\u00e9sus Christ est l\u2019envoy\u00e9 de Dieu. Religion\u00a0 dite Dualiste Le Bien et Le Mal. Elle sera\u00a0 pr\u00e9sente en Occitanie 600 ans jusqu\u2019\u00e0 que le Tribunal de l\u2019Inquisition br\u00fble en\u00a0 pays Quercy les derniers Cathares \u00e0 Monclar-de-Quercy (*)<\/span><\/p>\n<p align=\"center\"><span style=\"font-size: medium\"><strong>La croix Protestante ou Huguenote<\/strong><\/span><\/p>\n<p><span style=\"font-size: medium\">\u00a0La croix Protestante ou Huguenote n\u00e9e de la superposition des Croix de Malte et de St Andr\u00e9 avec fleurs de Lys\u00a0auxquelles on a suspendue une Colombe repr\u00e9sentant le St Esprit aurait \u00e9t\u00e9 cr\u00e9\u00e9 par un bijoutier N\u00eemois qui se serait inspir\u00e9 de la Croix de l&#8217;ordre du Saint-Esprit, cr\u00e9\u00e9 \u00e0 la fin du XVIe si\u00e8cle par Henri III. Ces deux croix sont exactement semblables sauf que la colombe est sous la croix Huguenote alors qu&#8217;elle est sur la croix pour celle de l&#8217;ordre du Saint-Esprit.<\/span><\/p>\n<p>&nbsp;<\/p>\n<p style=\"text-align: start\" align=\"right\"><span style=\"font-size: medium\">\u00a0[ &#8230;&#8230;&#8230;&#8230;.. ISBN\u00a0<b>978-2-9565998 &#8211;\u00a0<\/b><\/span>Dauna FLoguez]<\/p>\n","protected":false},"excerpt":{"rendered":"<p>L\u2019homme n\u2019a de cesse que de se raconter En histoires, contes et l\u00e9gendes \u2026.. Libre \u00e0 nous de savoir, lire et comprendre. \u00a0 \u00a0 PREFACE de Jimi Zacka \u00a0 \u00ab La parole de la croix est folie pour ceux qui p\u00e9rissent, mais \u00e0 nous qui obtenons le salut elle est la puissance de Dieu \u00bb<\/p>\n<div class=\"more-link\">\n\t\t\t\t <a href=\"https:\/\/daunafloguez.fr\/?page_id=371\" class=\"link-btn theme-btn\"><span>Read More <\/span> <i class=\"fa fa-caret-right\"><\/i><\/a>\n\t\t\t<\/div>\n","protected":false},"author":2,"featured_media":0,"parent":0,"menu_order":0,"comment_status":"open","ping_status":"closed","template":"","meta":{"iawp_total_views":5,"footnotes":""},"class_list":["post-371","page","type-page","status-publish","hentry"],"_links":{"self":[{"href":"https:\/\/daunafloguez.fr\/index.php?rest_route=\/wp\/v2\/pages\/371","targetHints":{"allow":["GET"]}}],"collection":[{"href":"https:\/\/daunafloguez.fr\/index.php?rest_route=\/wp\/v2\/pages"}],"about":[{"href":"https:\/\/daunafloguez.fr\/index.php?rest_route=\/wp\/v2\/types\/page"}],"author":[{"embeddable":true,"href":"https:\/\/daunafloguez.fr\/index.php?rest_route=\/wp\/v2\/users\/2"}],"replies":[{"embeddable":true,"href":"https:\/\/daunafloguez.fr\/index.php?rest_route=%2Fwp%2Fv2%2Fcomments&post=371"}],"version-history":[{"count":1,"href":"https:\/\/daunafloguez.fr\/index.php?rest_route=\/wp\/v2\/pages\/371\/revisions"}],"predecessor-version":[{"id":3468,"href":"https:\/\/daunafloguez.fr\/index.php?rest_route=\/wp\/v2\/pages\/371\/revisions\/3468"}],"wp:attachment":[{"href":"https:\/\/daunafloguez.fr\/index.php?rest_route=%2Fwp%2Fv2%2Fmedia&parent=371"}],"curies":[{"name":"wp","href":"https:\/\/api.w.org\/{rel}","templated":true}]}}